{"id":1450,"date":"2022-01-05T12:24:21","date_gmt":"2022-01-05T15:24:21","guid":{"rendered":"https:\/\/www.digikedi.com\/cerez-politikasi\/"},"modified":"2022-06-16T12:41:37","modified_gmt":"2022-06-16T15:41:37","slug":"cerez-politikasi","status":"publish","type":"page","link":"https:\/\/www.digikedi.com\/en\/cerez-politikasi\/","title":{"rendered":"cookie policy"},"content":{"rendered":"\t\t<div data-elementor-type=\"wp-page\" data-elementor-id=\"1450\" class=\"elementor elementor-1450 elementor-943\">\n\t\t\t\t\t\t<div class=\"elementor-inner\">\n\t\t\t\t<div class=\"elementor-section-wrap\">\n\t\t\t\t\t\t\t\t\t<section class=\"elementor-section elementor-top-section elementor-element elementor-element-a696ad4 elementor-section-boxed elementor-section-height-default elementor-section-height-default\" data-id=\"a696ad4\" data-element_type=\"section\">\n\t\t\t\t\t\t<div class=\"elementor-container elementor-column-gap-default\">\n\t\t\t\t\t\t\t<div class=\"elementor-row\">\n\t\t\t\t\t<div class=\"aux-parallax-section elementor-column elementor-col-100 elementor-top-column elementor-element elementor-element-e0e370b\" data-id=\"e0e370b\" data-element_type=\"column\">\n\t\t\t<div class=\"elementor-column-wrap elementor-element-populated\">\n\t\t\t\t\t\t\t<div class=\"elementor-widget-wrap\">\n\t\t\t\t\t\t<div class=\"elementor-element elementor-element-d6b96f2 elementor-widget elementor-widget-html\" data-id=\"d6b96f2\" data-element_type=\"widget\" data-widget_type=\"html.default\">\n\t\t\t\t<div class=\"elementor-widget-container\">\n\t\t\t<h1>\u00c7erez Politikas\u0131<\/h1>\r\n<p>Son g\u00fcncellenme: 10\/01\/2022<\/p>\r\n<p>\r\nBiz, Digikedi Dijital Reklam Tas. ve Vid. Prod. Hiz. Ltd. \u015eti., olarak g\u00fcvenli\u011finize \u00f6nem veriyor ve bu \u00c7erez Politikas\u0131 ile siz\r\nsevgili ziyaret\u00e7ilerimizi, web sitemizde hangi \u00e7erezleri, hangi ama\u00e7la kulland\u0131\u011f\u0131m\u0131z\r\nve \u00e7erez ayarlar\u0131n\u0131z\u0131 nas\u0131l de\u011fi\u015ftirece\u011finiz konular\u0131nda k\u0131saca bilgilendirmeyi hedefliyoruz.\r\n<\/p>\r\n<p>\r\nSizlere daha iyi hizmet verebilmek ad\u0131na, \u00e7erezler vas\u0131tas\u0131yla, ne t\u00fcr ki\u015fisel verilerinizin\r\nhangi ama\u00e7la topland\u0131\u011f\u0131 ve nas\u0131l i\u015flendi\u011fi konular\u0131nda, k\u0131saca bilgi sahibi olmak i\u00e7in l\u00fctfen\r\nbu \u00c7erez Politikas\u0131n\u0131 okuyunuz. Daha fazla bilgi i\u00e7in Gizlilik Politikam\u0131za g\u00f6z atabilir ya da\r\nbizlerle \u00e7ekinmeden ileti\u015fime ge\u00e7ebilirsiniz.\r\n<\/p>\r\n<h2>\u00c7erez Nedir?<\/h2>\r\n<p>\r\n\u00c7erezler, kullan\u0131c\u0131lar\u0131n web sitelerini daha verimli bir \u015fekilde kullanabilmeleri ad\u0131na,\r\ncihazlar\u0131na kaydedilen k\u00fc\u00e7\u00fck dosyac\u0131klard\u0131r. \u00c7erezler vas\u0131tas\u0131yla kullan\u0131c\u0131lar\u0131n bilgilerinin\r\ni\u015fleniyor olmas\u0131 sebebiyle, 6698 say\u0131l\u0131 <a href=\"https:\/\/sartlar.com\/kvkk-nedir\">Ki\u015fisel Verilerin Korunmas\u0131 Kanunu<\/a> gere\u011fince,\r\nkullan\u0131c\u0131lar\u0131n bilgilendirilmeleri ve onaylar\u0131n\u0131n al\u0131nmas\u0131 gerekmektedir.\r\n<\/p>\r\n<p>\r\nBizler de siz sevgili ziyaret\u00e7ilerimizin, web sitemizden en verimli \u015fekilde yararlanabilmelerini\r\nve siz sevgili ziyaret\u00e7ilerimizin kullan\u0131c\u0131 deneyimlerinin geli\u015ftirilebilmesini sa\u011flamak ad\u0131na,\r\n\u00e7e\u015fitli \u00e7erezler kullanmaktay\u0131z.\r\n<\/p>\r\n<h3>1. Zorunlu \u00c7erezler<\/h3>\r\n<p>\r\nZorunlu \u00e7erezler, web sitesine ili\u015fkin temel i\u015flevleri etkinle\u015ftirerek\r\nweb sitesinin kullan\u0131labilir hale gelmesini sa\u011flayan \u00e7erezlerdir. Web sitesi\r\nbu \u00e7erezler olmadan d\u00fczg\u00fcn \u00e7al\u0131\u015fmaz.\r\n<\/p>\r\n<h3>2. Performans \u00c7erezleri<\/h3>\r\n<p>\r\nPerformans \u00e7erezleri, ziyaret\u00e7ilerin web sitesine ili\u015fkin kullan\u0131m bilgilerini\r\nve tercihlerini anonim olarak toplayan ve bu sayede web sitesinin performans\u0131n\u0131n\r\ngeli\u015ftirilmesine olanak sa\u011flayan \u00e7erezlerdir.\r\n<\/p>\r\n<h3>3. Fonksiyonel \u00c7erezler<\/h3>\r\n<p>\r\nFonksiyonel \u00e7erezler, kullan\u0131c\u0131lar\u0131n web sitesine ili\u015fkin ge\u00e7mi\u015f kullan\u0131mlar\u0131ndan\r\nyola \u00e7\u0131k\u0131larak gelecekteki ziyaretlerinde tan\u0131nmalar\u0131n\u0131 ve hat\u0131rlanmalar\u0131n\u0131 sa\u011flayan\r\nve bu sayede web sitelerinin kullan\u0131c\u0131lara dil, b\u00f6lge vb. gibi ki\u015fiselle\u015ftirilmi\u015f bir\r\nhizmet sunmas\u0131na olanak tan\u0131yan \u00e7erezlerdir.\r\n<\/p>\r\n<h3>4. Reklam \u00c7erezleri<\/h3>\r\n<p>\r\nReklam \u00e7erezleri, \u00fc\u00e7\u00fcnc\u00fc taraflara ait \u00e7erezlerdir ve web sitelerinde ziyaret\u00e7ilerin\r\ndavran\u0131\u015flar\u0131n\u0131 izlemek i\u00e7in kullan\u0131l\u0131rlar. Bu \u00e7erezlerin ama\u00e7lar\u0131, ziyaret\u00e7ilerin\r\nihtiya\u00e7lar\u0131na y\u00f6nelik ilgilerini \u00e7ekecek reklamlar\u0131n g\u00f6sterilmesine yard\u0131mc\u0131 olmakt\u0131r\r\nve sorumlulu\u011fu \u00e7erez sahibi \u00fc\u00e7\u00fcnc\u00fc taraflara aittir.\r\n<\/p>\r\n<h2>\u00c7erezler \u0130le \u0130\u015flenen Ki\u015fisel Veriler Nelerdir?<\/h2>\r\n<p>\r\nKimlik (isim, soy isim, do\u011fum tarihi vb.) ve ileti\u015fim (adres, e-posta adresi, telefon, IP, konum vb.)\r\nbilgileriniz taraf\u0131m\u0131zca, \u00e7erezler (cookies) vas\u0131tas\u0131yla, otomatik veya otomatik olmayan\r\ny\u00f6ntemlerle ve bazen de analitik sa\u011flay\u0131c\u0131lar, reklam a\u011flar\u0131, arama bilgi sa\u011flay\u0131c\u0131lar\u0131,\r\nteknoloji sa\u011flay\u0131c\u0131lar\u0131 gibi \u00fc\u00e7\u00fcnc\u00fc taraflardan elde edilerek, kaydedilerek, depolanarak\r\nve g\u00fcncellenerek, aram\u0131zdaki hizmet ve s\u00f6zle\u015fme ili\u015fkisi \u00e7er\u00e7evesinde ve s\u00fcresince, me\u015fru\r\nmenfaat i\u015fleme \u015fart\u0131na dayan\u0131larak i\u015flenecektir.\r\n<\/p>\r\n<h2>\u00c7erezler Hangi Ama\u00e7la Kullan\u0131lmaktad\u0131r?<\/h2>\r\n<p>\r\nWeb sitemizde, \u015f\u00fcpheli eylemlerin tespiti yoluyla g\u00fcvenli\u011fin sa\u011flanmas\u0131, kullan\u0131c\u0131lar\u0131n\r\ntercihleri do\u011frultusunda i\u015flevsellik ve performans\u0131n art\u0131r\u0131lmas\u0131, \u00fcr\u00fcnlerin ve hizmetlerin\r\ngeli\u015ftirilmesi ve ki\u015fiselle\u015ftirilmesi ile bu hizmetlere ula\u015f\u0131m\u0131n kolayla\u015ft\u0131r\u0131lmas\u0131,\r\ns\u00f6zle\u015fmesel ve hukuki sorumluluklar\u0131n yerine getirilmesi ama\u00e7l\u0131 \u00e7erezler kullanmaktad\u0131r.\r\nAyr\u0131ca kullan\u0131c\u0131lar\u0131n daha geni\u015f kapsaml\u0131 hizmet sa\u011flay\u0131c\u0131lar ile bulu\u015fturulabilmesi\r\namac\u0131yla reklam \u00e7erezleri ve \u00fc\u00e7\u00fcnc\u00fc taraflarla bilgi payla\u015f\u0131m\u0131 da s\u00f6z konusudur.\r\n<\/p>\r\n<h2>\u00c7erezler Nas\u0131l Y\u00f6netilmektedir?<\/h2>\r\n<p>\r\nT\u00fcm bu a\u00e7\u0131klamalardan sonra, hangi \u00e7erezlerin kullan\u0131laca\u011f\u0131 konusu, tamamen kullan\u0131c\u0131lar\u0131m\u0131z\u0131n\r\n\u00f6zg\u00fcr iradelerine b\u0131rak\u0131lm\u0131\u015ft\u0131r. \u00c7erez tercihlerinizi, taray\u0131c\u0131n\u0131z\u0131n ayarlar\u0131ndan silerek\r\nya da engelleyerek, web sitemize ad\u0131m att\u0131\u011f\u0131n\u0131z anda y\u00f6netebilir ya da gelecekte,\r\nistedi\u011finiz zaman bu ayarlar\u0131 de\u011fi\u015ftirebilirsiniz. Daha ayr\u0131nt\u0131l\u0131 bilgi i\u00e7in Gizlilik Politikam\u0131za\r\ng\u00f6z atabilir ya da bizlerle info@www.digikedi.com e-mail adresi \u00fczerinden ileti\u015fime ge\u00e7ebilirsiniz.\r\n<\/p>\r\n<p>Bu \u00e7erez politikas\u0131, <a href=\"https:\/\/sartlar.com\">https:\/\/sartlar.com<\/a> arac\u0131l\u0131\u011f\u0131yla olu\u015fturulmu\u015ftur.<\/p>\r\n\t\t<\/div>\n\t\t\t\t<\/div>\n\t\t\t\t\t\t<\/div>\n\t\t\t\t\t<\/div>\n\t\t<\/div>\n\t\t\t\t\t\t\t\t<\/div>\n\t\t\t\t\t<\/div>\n\t\t<\/section>\n\t\t\t\t\t\t\t\t\t<\/div>\n\t\t\t<\/div>\n\t\t\t\t\t<\/div>\n\t\t","protected":false},"excerpt":{"rendered":"<p>\u00c7erez Politikas\u0131 Son g\u00fcncellenme: 10\/01\/2022 Biz, Digikedi Dijital Reklam Tas. ve Vid. Prod. Hiz. Ltd. \u015eti., olarak g\u00fcvenli\u011finize \u00f6nem veriyor ve bu \u00c7erez Politikas\u0131 ile siz sevgili ziyaret\u00e7ilerimizi, web sitemizde hangi \u00e7erezleri, hangi ama\u00e7la kulland\u0131\u011f\u0131m\u0131z ve \u00e7erez ayarlar\u0131n\u0131z\u0131 nas\u0131l de\u011fi\u015ftirece\u011finiz konular\u0131nda k\u0131saca bilgilendirmeyi hedefliyoruz. Sizlere daha iyi hizmet verebilmek ad\u0131na, \u00e7erezler vas\u0131tas\u0131yla, ne t\u00fcr ki\u015fisel [&hellip;]<\/p>\n","protected":false},"author":1,"featured_media":0,"parent":0,"menu_order":0,"comment_status":"closed","ping_status":"closed","template":"","meta":{"_coblocks_attr":"","_coblocks_dimensions":"","_coblocks_responsive_height":"","_coblocks_accordion_ie_support":""},"yoast_head":"<!-- This site is optimized with the Yoast SEO plugin v19.1 - https:\/\/yoast.com\/wordpress\/plugins\/seo\/ -->\n<title>cookie policy - Digikedi<\/title>\n<meta name=\"robots\" content=\"index, follow, max-snippet:-1, max-image-preview:large, max-video-preview:-1\" \/>\n<link rel=\"canonical\" href=\"https:\/\/www.digikedi.com\/en\/cerez-politikasi\/\" \/>\n<meta property=\"og:locale\" content=\"en_US\" \/>\n<meta property=\"og:type\" content=\"article\" \/>\n<meta property=\"og:title\" content=\"cookie policy - Digikedi\" \/>\n<meta property=\"og:description\" content=\"\u00c7erez Politikas\u0131 Son g\u00fcncellenme: 10\/01\/2022 Biz, Digikedi Dijital Reklam Tas. ve Vid. Prod. Hiz. Ltd. \u015eti., olarak g\u00fcvenli\u011finize \u00f6nem veriyor ve bu \u00c7erez Politikas\u0131 ile siz sevgili ziyaret\u00e7ilerimizi, web sitemizde hangi \u00e7erezleri, hangi ama\u00e7la kulland\u0131\u011f\u0131m\u0131z ve \u00e7erez ayarlar\u0131n\u0131z\u0131 nas\u0131l de\u011fi\u015ftirece\u011finiz konular\u0131nda k\u0131saca bilgilendirmeyi hedefliyoruz. Sizlere daha iyi hizmet verebilmek ad\u0131na, \u00e7erezler vas\u0131tas\u0131yla, ne t\u00fcr ki\u015fisel [&hellip;]\" \/>\n<meta property=\"og:url\" content=\"https:\/\/www.digikedi.com\/en\/cerez-politikasi\/\" \/>\n<meta property=\"og:site_name\" content=\"Digikedi\" \/>\n<meta property=\"article:modified_time\" content=\"2022-06-16T15:41:37+00:00\" \/>\n<meta name=\"twitter:card\" content=\"summary_large_image\" \/>\n<meta name=\"twitter:label1\" content=\"Est. reading time\" \/>\n\t<meta name=\"twitter:data1\" content=\"3 minutes\" \/>\n<script type=\"application\/ld+json\" class=\"yoast-schema-graph\">{\"@context\":\"https:\/\/schema.org\",\"@graph\":[{\"@type\":\"WebSite\",\"@id\":\"https:\/\/www.digikedi.com\/#website\",\"url\":\"https:\/\/www.digikedi.com\/\",\"name\":\"Digikedi\",\"description\":\"Dijital Fikir ve Tasar\u0131m &Uuml;retim Fabrikas\u0131\",\"potentialAction\":[{\"@type\":\"SearchAction\",\"target\":{\"@type\":\"EntryPoint\",\"urlTemplate\":\"https:\/\/www.digikedi.com\/?s={search_term_string}\"},\"query-input\":\"required name=search_term_string\"}],\"inLanguage\":\"en-US\"},{\"@type\":\"WebPage\",\"@id\":\"https:\/\/www.digikedi.com\/en\/cerez-politikasi\/#webpage\",\"url\":\"https:\/\/www.digikedi.com\/en\/cerez-politikasi\/\",\"name\":\"cookie policy - Digikedi\",\"isPartOf\":{\"@id\":\"https:\/\/www.digikedi.com\/#website\"},\"datePublished\":\"2022-01-05T15:24:21+00:00\",\"dateModified\":\"2022-06-16T15:41:37+00:00\",\"breadcrumb\":{\"@id\":\"https:\/\/www.digikedi.com\/en\/cerez-politikasi\/#breadcrumb\"},\"inLanguage\":\"en-US\",\"potentialAction\":[{\"@type\":\"ReadAction\",\"target\":[\"https:\/\/www.digikedi.com\/en\/cerez-politikasi\/\"]}]},{\"@type\":\"BreadcrumbList\",\"@id\":\"https:\/\/www.digikedi.com\/en\/cerez-politikasi\/#breadcrumb\",\"itemListElement\":[{\"@type\":\"ListItem\",\"position\":1,\"name\":\"Home\",\"item\":\"https:\/\/www.digikedi.com\/en\/\"},{\"@type\":\"ListItem\",\"position\":2,\"name\":\"cookie policy\"}]}]}<\/script>\n<!-- \/ Yoast SEO plugin. -->","yoast_head_json":{"title":"cookie policy - Digikedi","robots":{"index":"index","follow":"follow","max-snippet":"max-snippet:-1","max-image-preview":"max-image-preview:large","max-video-preview":"max-video-preview:-1"},"canonical":"https:\/\/www.digikedi.com\/en\/cerez-politikasi\/","og_locale":"en_US","og_type":"article","og_title":"cookie policy - Digikedi","og_description":"\u00c7erez Politikas\u0131 Son g\u00fcncellenme: 10\/01\/2022 Biz, Digikedi Dijital Reklam Tas. ve Vid. Prod. Hiz. Ltd. \u015eti., olarak g\u00fcvenli\u011finize \u00f6nem veriyor ve bu \u00c7erez Politikas\u0131 ile siz sevgili ziyaret\u00e7ilerimizi, web sitemizde hangi \u00e7erezleri, hangi ama\u00e7la kulland\u0131\u011f\u0131m\u0131z ve \u00e7erez ayarlar\u0131n\u0131z\u0131 nas\u0131l de\u011fi\u015ftirece\u011finiz konular\u0131nda k\u0131saca bilgilendirmeyi hedefliyoruz. Sizlere daha iyi hizmet verebilmek ad\u0131na, \u00e7erezler vas\u0131tas\u0131yla, ne t\u00fcr ki\u015fisel [&hellip;]","og_url":"https:\/\/www.digikedi.com\/en\/cerez-politikasi\/","og_site_name":"Digikedi","article_modified_time":"2022-06-16T15:41:37+00:00","twitter_card":"summary_large_image","twitter_misc":{"Est. reading time":"3 minutes"},"schema":{"@context":"https:\/\/schema.org","@graph":[{"@type":"WebSite","@id":"https:\/\/www.digikedi.com\/#website","url":"https:\/\/www.digikedi.com\/","name":"Digikedi","description":"Dijital Fikir ve Tasar\u0131m &Uuml;retim Fabrikas\u0131","potentialAction":[{"@type":"SearchAction","target":{"@type":"EntryPoint","urlTemplate":"https:\/\/www.digikedi.com\/?s={search_term_string}"},"query-input":"required name=search_term_string"}],"inLanguage":"en-US"},{"@type":"WebPage","@id":"https:\/\/www.digikedi.com\/en\/cerez-politikasi\/#webpage","url":"https:\/\/www.digikedi.com\/en\/cerez-politikasi\/","name":"cookie policy - Digikedi","isPartOf":{"@id":"https:\/\/www.digikedi.com\/#website"},"datePublished":"2022-01-05T15:24:21+00:00","dateModified":"2022-06-16T15:41:37+00:00","breadcrumb":{"@id":"https:\/\/www.digikedi.com\/en\/cerez-politikasi\/#breadcrumb"},"inLanguage":"en-US","potentialAction":[{"@type":"ReadAction","target":["https:\/\/www.digikedi.com\/en\/cerez-politikasi\/"]}]},{"@type":"BreadcrumbList","@id":"https:\/\/www.digikedi.com\/en\/cerez-politikasi\/#breadcrumb","itemListElement":[{"@type":"ListItem","position":1,"name":"Home","item":"https:\/\/www.digikedi.com\/en\/"},{"@type":"ListItem","position":2,"name":"cookie policy"}]}]}},"_links":{"self":[{"href":"https:\/\/www.digikedi.com\/en\/wp-json\/wp\/v2\/pages\/1450"}],"collection":[{"href":"https:\/\/www.digikedi.com\/en\/wp-json\/wp\/v2\/pages"}],"about":[{"href":"https:\/\/www.digikedi.com\/en\/wp-json\/wp\/v2\/types\/page"}],"author":[{"embeddable":true,"href":"https:\/\/www.digikedi.com\/en\/wp-json\/wp\/v2\/users\/1"}],"replies":[{"embeddable":true,"href":"https:\/\/www.digikedi.com\/en\/wp-json\/wp\/v2\/comments?post=1450"}],"version-history":[{"count":1,"href":"https:\/\/www.digikedi.com\/en\/wp-json\/wp\/v2\/pages\/1450\/revisions"}],"predecessor-version":[{"id":1469,"href":"https:\/\/www.digikedi.com\/en\/wp-json\/wp\/v2\/pages\/1450\/revisions\/1469"}],"wp:attachment":[{"href":"https:\/\/www.digikedi.com\/en\/wp-json\/wp\/v2\/media?parent=1450"}],"curies":[{"name":"wp","href":"https:\/\/api.w.org\/{rel}","templated":true}]}}