{"id":1405,"date":"2019-07-15T10:46:19","date_gmt":"2019-07-15T13:46:19","guid":{"rendered":"https:\/\/www.digikedi.com\/portfolio\/"},"modified":"2022-06-16T11:29:19","modified_gmt":"2022-06-16T14:29:19","slug":"portfolio","status":"publish","type":"page","link":"https:\/\/www.digikedi.com\/en\/portfolio\/","title":{"rendered":"project"},"content":{"rendered":"\t\t<div data-elementor-type=\"wp-post\" data-elementor-id=\"1405\" class=\"elementor elementor-1405 elementor-110\">\n\t\t\t\t\t\t<div class=\"elementor-inner\">\n\t\t\t\t<div class=\"elementor-section-wrap\">\n\t\t\t\t\t\t\t\t\t<section class=\"elementor-section elementor-top-section elementor-element elementor-element-e1bb1ec elementor-section-boxed elementor-section-height-default elementor-section-height-default\" data-id=\"e1bb1ec\" data-element_type=\"section\">\n\t\t\t\t\t\t<div class=\"elementor-container elementor-column-gap-no\">\n\t\t\t\t\t\t\t<div class=\"elementor-row\">\n\t\t\t\t\t<div class=\"aux-parallax-section elementor-column elementor-col-100 elementor-top-column elementor-element elementor-element-a29f249\" data-id=\"a29f249\" data-element_type=\"column\">\n\t\t\t<div class=\"elementor-column-wrap elementor-element-populated\">\n\t\t\t\t\t\t\t<div class=\"elementor-widget-wrap\">\n\t\t\t\t\t\t<div class=\"elementor-element elementor-element-26026af aux-appear-watch-animation aux-fade-in-right elementor-widget elementor-widget-aux_modern_heading\" data-id=\"26026af\" data-element_type=\"widget\" data-widget_type=\"aux_modern_heading.default\">\n\t\t\t\t<div class=\"elementor-widget-container\">\n\t\t\t<section class=\"aux-widget-modern-heading\">\n            <div class=\"aux-widget-inner\"><h5 class=\"aux-modern-heading-primary\">projects<\/h5><\/div>\n        <\/section>\t\t<\/div>\n\t\t\t\t<\/div>\n\t\t\t\t<section class=\"elementor-section elementor-inner-section elementor-element elementor-element-2710f74 elementor-section-boxed elementor-section-height-default elementor-section-height-default\" data-id=\"2710f74\" data-element_type=\"section\">\n\t\t\t\t\t\t<div class=\"elementor-container elementor-column-gap-no\">\n\t\t\t\t\t\t\t<div class=\"elementor-row\">\n\t\t\t\t\t<div class=\"aux-parallax-section elementor-column elementor-col-100 elementor-inner-column elementor-element elementor-element-b15bfda\" data-id=\"b15bfda\" data-element_type=\"column\">\n\t\t\t<div class=\"elementor-column-wrap elementor-element-populated\">\n\t\t\t\t\t\t\t<div class=\"elementor-widget-wrap\">\n\t\t\t\t\t\t<div class=\"elementor-element elementor-element-3354667 elementor-widget elementor-widget-aux_recent_portfolios_grid\" data-id=\"3354667\" data-element_type=\"widget\" data-settings=\"{&quot;columns&quot;:&quot;4&quot;,&quot;columns_tablet&quot;:&quot;inherit&quot;,&quot;columns_mobile&quot;:&quot;1&quot;}\" data-widget_type=\"aux_recent_portfolios_grid.default\">\n\t\t\t\t<div class=\"elementor-widget-container\">\n\t\t\t<section class=\"widget-container aux-widget-recent-portfolios aux-parent-au75dfbabd\" style=\"\" ><div id=\"69f3eace52325\" data-element-id=\"au75dfbabd\" class=\"aux-portfolio-columns aux-ajax-view aux-isotope-animated aux-isotope-layout aux-layout-grid aux-no-gutter aux-row aux-match-height aux-de-col4 aux-tb-col4 aux-mb-col1\" data-lazyload=\"true\" data-space=\"0\" data-pagination=\"true\" data-deeplink=\"true\" data-slug=\"\" data-perpage=\"12\" data-layout=\"fitRows\" data-reveal-transition-duration=\"600\" data-reveal-between-delay=\"60\" data-hide-transition-duration=\"600\" data-hide-between-delay=\"30\" data-num=\"\" data-order=\"DESC\" data-orderby=\"date\" data-taxonomy=\"\" data-n=\"910a04d5d9\"><div class=\"aux-items-loading aux-loading-hide\"><div class=\"aux-loading-loop\"><svg class=\"aux-circle\" width=\"100%\" height=\"100%\" viewBox=\"0 0 42 42\"><circle class=\"aux-stroke-bg\" r=\"20\" cx=\"21\" cy=\"21\" fill=\"none\"><\/circle><circle class=\"aux-progress\" r=\"20\" cx=\"21\" cy=\"21\" fill=\"none\" transform=\"rotate(-90 21 21)\"><\/circle><\/svg><\/div><\/div><div class=\"aux-iso-item aux-loading aux-col\">                        <article class=\"post-1408 portfolio type-portfolio status-publish has-post-thumbnail hentry portfolio-cat-portfolyo-en portfolio-tag-uncategorized-en portfolio-filter-uncategorized\" >\n                            <div class=\"\">\n                                <div class=\"entry-media \">\n                                    <div class=\"aux-media-frame aux-media-image\"><a href=\"https:\/\/www.digikedi.com\/en\/portfolio\/meinekette\/\"><img width=\"500\" height=\"665\" class=\"aux-attachment aux-featured-image attachment-500x665 aux-attachment-id-1354 \" alt=\"Meinekette\" data-ratio=\"0.75\" data-original-w=\"700\" sizes=\"auto\" data-srcset=\"https:\/\/www.digikedi.com\/wp-content\/uploads\/2022\/01\/Meinekette-150x200.jpg 150w,https:\/\/www.digikedi.com\/wp-content\/uploads\/2022\/01\/Meinekette-300x399.jpg 300w,https:\/\/www.digikedi.com\/wp-content\/uploads\/2022\/01\/Meinekette-500x665.jpg 500w,https:\/\/www.digikedi.com\/wp-content\/uploads\/2022\/01\/Meinekette-690x917.jpg 690w\" data-src=\"https:\/\/www.digikedi.com\/wp-content\/uploads\/2022\/01\/Meinekette-500x665.jpg\" \/><\/a><\/div>                                <\/div>\n\n                                                            <\/div>\n\n                            \n                        <\/article>\n<\/div><div class=\"aux-iso-item aux-loading aux-col\">                        <article class=\"post-1410 portfolio type-portfolio status-publish has-post-thumbnail hentry portfolio-cat-portfolyo-en portfolio-tag-uncategorized-en portfolio-filter-uncategorized\" >\n                            <div class=\"\">\n                                <div class=\"entry-media \">\n                                    <div class=\"aux-media-frame aux-media-image\"><a href=\"https:\/\/www.digikedi.com\/en\/portfolio\/cuisine\/\"><img width=\"500\" height=\"665\" class=\"aux-attachment aux-featured-image attachment-500x665 aux-attachment-id-1200 \" alt=\"cuisine\" data-ratio=\"0.75\" data-original-w=\"2560\" sizes=\"auto\" data-srcset=\"https:\/\/www.digikedi.com\/wp-content\/uploads\/2021\/12\/cuisine-150x200.png 150w,https:\/\/www.digikedi.com\/wp-content\/uploads\/2021\/12\/cuisine-300x399.png 300w,https:\/\/www.digikedi.com\/wp-content\/uploads\/2021\/12\/cuisine-768x1021.png 768w,https:\/\/www.digikedi.com\/wp-content\/uploads\/2021\/12\/cuisine-1024x1362.png 1024w,https:\/\/www.digikedi.com\/wp-content\/uploads\/2021\/12\/cuisine-500x665.png 500w,https:\/\/www.digikedi.com\/wp-content\/uploads\/2021\/12\/cuisine-2550x3391.png 2550w\" data-src=\"https:\/\/www.digikedi.com\/wp-content\/uploads\/2021\/12\/cuisine-500x665.png\" \/><\/a><\/div>                                <\/div>\n\n                                                            <\/div>\n\n                            \n                        <\/article>\n<\/div><div class=\"aux-iso-item aux-loading aux-col\">                        <article class=\"post-1412 portfolio type-portfolio status-publish has-post-thumbnail hentry portfolio-cat-portfolyo-en portfolio-tag-madamelapresidente-en portfolio-filter-madamelapresidente\" >\n                            <div class=\"\">\n                                <div class=\"entry-media \">\n                                    <div class=\"aux-media-frame aux-media-image\"><a href=\"https:\/\/www.digikedi.com\/en\/portfolio\/madamelapresidente\/\"><img width=\"500\" height=\"665\" class=\"aux-attachment aux-featured-image attachment-500x665 aux-attachment-id-1236 \" alt=\"Madame\" data-ratio=\"0.75\" data-original-w=\"1400\" sizes=\"auto\" data-srcset=\"https:\/\/www.digikedi.com\/wp-content\/uploads\/2019\/07\/Madame-150x200.jpg 150w,https:\/\/www.digikedi.com\/wp-content\/uploads\/2019\/07\/Madame-300x399.jpg 300w,https:\/\/www.digikedi.com\/wp-content\/uploads\/2019\/07\/Madame-768x1021.jpg 768w,https:\/\/www.digikedi.com\/wp-content\/uploads\/2019\/07\/Madame-1024x1362.jpg 1024w,https:\/\/www.digikedi.com\/wp-content\/uploads\/2019\/07\/Madame-500x665.jpg 500w,https:\/\/www.digikedi.com\/wp-content\/uploads\/2019\/07\/Madame-1390x1848.jpg 1390w\" data-src=\"https:\/\/www.digikedi.com\/wp-content\/uploads\/2019\/07\/Madame-500x665.jpg\" \/><\/a><\/div>                                <\/div>\n\n                                                            <\/div>\n\n                            \n                        <\/article>\n<\/div><div class=\"aux-iso-item aux-loading aux-col\">                        <article class=\"post-1417 portfolio type-portfolio status-publish has-post-thumbnail hentry portfolio-cat-portfolyo-en portfolio-tag-me-93-en portfolio-filter-me-93\" >\n                            <div class=\"\">\n                                <div class=\"entry-media \">\n                                    <div class=\"aux-media-frame aux-media-image\"><a href=\"https:\/\/www.digikedi.com\/en\/portfolio\/me-93\/\"><img width=\"500\" height=\"665\" class=\"aux-attachment aux-featured-image attachment-500x665 aux-attachment-id-1238 \" alt=\"Me.93\" data-ratio=\"0.75\" data-original-w=\"1400\" sizes=\"auto\" data-srcset=\"https:\/\/www.digikedi.com\/wp-content\/uploads\/2019\/07\/Me.93-150x200.jpg 150w,https:\/\/www.digikedi.com\/wp-content\/uploads\/2019\/07\/Me.93-300x399.jpg 300w,https:\/\/www.digikedi.com\/wp-content\/uploads\/2019\/07\/Me.93-768x1021.jpg 768w,https:\/\/www.digikedi.com\/wp-content\/uploads\/2019\/07\/Me.93-1024x1362.jpg 1024w,https:\/\/www.digikedi.com\/wp-content\/uploads\/2019\/07\/Me.93-500x665.jpg 500w,https:\/\/www.digikedi.com\/wp-content\/uploads\/2019\/07\/Me.93-1390x1848.jpg 1390w\" data-src=\"https:\/\/www.digikedi.com\/wp-content\/uploads\/2019\/07\/Me.93-500x665.jpg\" \/><\/a><\/div>                                <\/div>\n\n                                                            <\/div>\n\n                            \n                        <\/article>\n<\/div><div class=\"aux-iso-item aux-loading aux-col\">                        <article class=\"post-1419 portfolio type-portfolio status-publish has-post-thumbnail hentry portfolio-cat-portfolyo-en portfolio-tag-deals2day-en portfolio-filter-deals2day\" >\n                            <div class=\"\">\n                                <div class=\"entry-media \">\n                                    <div class=\"aux-media-frame aux-media-image\"><a href=\"https:\/\/www.digikedi.com\/en\/portfolio\/deals2day\/\"><img width=\"500\" height=\"665\" class=\"aux-attachment aux-featured-image attachment-500x665 aux-attachment-id-1252 \" alt=\"Deals-2Day-\u015eablon\" data-ratio=\"0.75\" data-original-w=\"778\" sizes=\"auto\" data-srcset=\"https:\/\/www.digikedi.com\/wp-content\/uploads\/2019\/07\/Deals-2Day-Sablon-150x200.jpg 150w,https:\/\/www.digikedi.com\/wp-content\/uploads\/2019\/07\/Deals-2Day-Sablon-300x399.jpg 300w,https:\/\/www.digikedi.com\/wp-content\/uploads\/2019\/07\/Deals-2Day-Sablon-768x1021.jpg 768w,https:\/\/www.digikedi.com\/wp-content\/uploads\/2019\/07\/Deals-2Day-Sablon-500x665.jpg 500w,https:\/\/www.digikedi.com\/wp-content\/uploads\/2019\/07\/Deals-2Day-Sablon-768x1021.jpg 768w\" data-src=\"https:\/\/www.digikedi.com\/wp-content\/uploads\/2019\/07\/Deals-2Day-Sablon-500x665.jpg\" \/><\/a><\/div>                                <\/div>\n\n                                                            <\/div>\n\n                            \n                        <\/article>\n<\/div><div class=\"aux-iso-item aux-loading aux-col\">                        <article class=\"post-1420 portfolio type-portfolio status-publish has-post-thumbnail hentry portfolio-cat-portfolyo-en portfolio-tag-marqa-home-en portfolio-filter-marqa-home\" >\n                            <div class=\"\">\n                                <div class=\"entry-media \">\n                                    <div class=\"aux-media-frame aux-media-image\"><a href=\"https:\/\/www.digikedi.com\/en\/portfolio\/marqa-home\/\"><img width=\"500\" height=\"665\" class=\"aux-attachment aux-featured-image attachment-500x665 aux-attachment-id-1266 \" alt=\"Marqa Home\" data-ratio=\"0.75\" data-original-w=\"1452\" sizes=\"auto\" data-srcset=\"https:\/\/www.digikedi.com\/wp-content\/uploads\/2019\/07\/Marqa-Home-150x200.jpg 150w,https:\/\/www.digikedi.com\/wp-content\/uploads\/2019\/07\/Marqa-Home-300x399.jpg 300w,https:\/\/www.digikedi.com\/wp-content\/uploads\/2019\/07\/Marqa-Home-768x1021.jpg 768w,https:\/\/www.digikedi.com\/wp-content\/uploads\/2019\/07\/Marqa-Home-1024x1362.jpg 1024w,https:\/\/www.digikedi.com\/wp-content\/uploads\/2019\/07\/Marqa-Home-500x665.jpg 500w,https:\/\/www.digikedi.com\/wp-content\/uploads\/2019\/07\/Marqa-Home-1442x1917.jpg 1442w\" data-src=\"https:\/\/www.digikedi.com\/wp-content\/uploads\/2019\/07\/Marqa-Home-500x665.jpg\" \/><\/a><\/div>                                <\/div>\n\n                                                            <\/div>\n\n                            \n                        <\/article>\n<\/div><div class=\"aux-iso-item aux-loading aux-col\">                        <article class=\"post-1422 portfolio type-portfolio status-publish has-post-thumbnail hentry portfolio-cat-portfolyo-en portfolio-tag-kazel-expo-fest-en portfolio-filter-kazel-expo-fest\" >\n                            <div class=\"\">\n                                <div class=\"entry-media \">\n                                    <div class=\"aux-media-frame aux-media-image\"><a href=\"https:\/\/www.digikedi.com\/en\/portfolio\/kazel-expo-fest\/\"><img width=\"500\" height=\"665\" class=\"aux-attachment aux-featured-image attachment-500x665 aux-attachment-id-1286 \" alt=\"kazel\" data-ratio=\"0.75\" data-original-w=\"878\" sizes=\"auto\" data-srcset=\"https:\/\/www.digikedi.com\/wp-content\/uploads\/2019\/07\/kazel-150x200.jpg 150w,https:\/\/www.digikedi.com\/wp-content\/uploads\/2019\/07\/kazel-300x399.jpg 300w,https:\/\/www.digikedi.com\/wp-content\/uploads\/2019\/07\/kazel-768x1021.jpg 768w,https:\/\/www.digikedi.com\/wp-content\/uploads\/2019\/07\/kazel-500x665.jpg 500w,https:\/\/www.digikedi.com\/wp-content\/uploads\/2019\/07\/kazel-868x1154.jpg 868w\" data-src=\"https:\/\/www.digikedi.com\/wp-content\/uploads\/2019\/07\/kazel-500x665.jpg\" \/><\/a><\/div>                                <\/div>\n\n                                                            <\/div>\n\n                            \n                        <\/article>\n<\/div><div class=\"aux-iso-item aux-loading aux-col\">                        <article class=\"post-1424 portfolio type-portfolio status-publish has-post-thumbnail hentry portfolio-cat-portfolyo-en portfolio-tag-digikedi-genel-social-media-en portfolio-filter-digikedi-genel-social-media\" >\n                            <div class=\"\">\n                                <div class=\"entry-media \">\n                                    <div class=\"aux-media-frame aux-media-image\"><a href=\"https:\/\/www.digikedi.com\/en\/portfolio\/digikedi-genel-social-media\/\"><img width=\"500\" height=\"665\" class=\"aux-attachment aux-featured-image attachment-500x665 aux-attachment-id-1308 \" alt=\"G\u0130R\u0130\u015e\" data-ratio=\"0.75\" data-original-w=\"730\" sizes=\"auto\" data-srcset=\"https:\/\/www.digikedi.com\/wp-content\/uploads\/2019\/07\/GIRIS-150x200.jpg 150w,https:\/\/www.digikedi.com\/wp-content\/uploads\/2019\/07\/GIRIS-300x399.jpg 300w,https:\/\/www.digikedi.com\/wp-content\/uploads\/2019\/07\/GIRIS-500x665.jpg 500w,https:\/\/www.digikedi.com\/wp-content\/uploads\/2019\/07\/GIRIS-720x957.jpg 720w\" data-src=\"https:\/\/www.digikedi.com\/wp-content\/uploads\/2019\/07\/GIRIS-500x665.jpg\" \/><\/a><\/div>                                <\/div>\n\n                                                            <\/div>\n\n                            \n                        <\/article>\n<\/div><\/div><script type=\"text\/javascript\">var au75dfbabdAjaxConfig = {\"title\":\"\",\"cat\":[],\"num\":\"\",\"only_posts__in\":\"\",\"include\":\"\",\"exclude\":\"\",\"posts_per_page\":-1,\"offset\":\"\",\"order_by\":\"date\",\"order\":\"DESC\",\"exclude_without_media\":\"\",\"display_like\":\"no\",\"deeplink\":\"no\",\"use_ajax\":\"no\",\"deeplink_slug\":null,\"show_filters\":\"\",\"filter_by\":null,\"filter_style\":null,\"filter_align\":null,\"reveal_transition_duration\":\"600\",\"reveal_between_delay\":\"60\",\"hide_transition_duration\":\"600\",\"hide_between_delay\":\"30\",\"item_style\":\"classic\",\"tile_style_pattern\":\"default\",\"tiles_item_style\":\"overlay\",\"entry_background_color\":\"\",\"entry_border_color\":\"\",\"paginate\":\"yes\",\"perpage\":12,\"crop\":true,\"display_title\":\"\",\"show_info\":\"\",\"display_read_more\":false,\"image_aspect_ratio\":\"1.33\",\"space\":0,\"desktop_cnum\":\"4\",\"tablet_cnum\":\"inherit\",\"phone_cnum\":\"1\",\"layout\":\"grid\",\"tag\":\"\",\"filter\":\"\",\"extra_classes\":\"\",\"extra_column_classes\":\"\",\"custom_el_id\":\"\",\"template_part_file\":\"recent-portfolio\",\"extra_template_path\":\"\\\/home\\\/f079uhpdr6mi\\\/public_html\\\/wp-content\\\/plugins\\\/auxin-portfolio\\\/public\\\/templates\\\/elements\",\"universal_id\":\"au75dfbabd\",\"query_args\":[],\"term\":\"\",\"reset_query\":true,\"use_wp_query\":false,\"wp_query_args\":[],\"custom_wp_query\":\"\",\"loadmore_type\":null,\"loadmore_label\":null,\"loadmore_per_page\":12,\"term_field\":\"slug\",\"base\":\"aux_recent_portfolios_grid\",\"base_class\":\"aux-widget-recent-portfolios\",\"paged\":\"\",\"override_global_query\":false,\"content\":null,\"skip_wrappers\":false,\"content_width\":2000,\"inview_transition\":\"none\",\"inview_duration\":\"\",\"inview_delay\":\"\",\"inview_repeat\":\"no\",\"inview_offset\":\"\",\"called_from\":\"elementor\"};<\/script><\/section><!-- widget-container -->\t\t<\/div>\n\t\t\t\t<\/div>\n\t\t\t\t\t\t<\/div>\n\t\t\t\t\t<\/div>\n\t\t<\/div>\n\t\t\t\t\t\t\t\t<\/div>\n\t\t\t\t\t<\/div>\n\t\t<\/section>\n\t\t\t\t\t\t<\/div>\n\t\t\t\t\t<\/div>\n\t\t<\/div>\n\t\t\t\t\t\t\t\t<\/div>\n\t\t\t\t\t<\/div>\n\t\t<\/section>\n\t\t\t\t\t\t\t\t\t<\/div>\n\t\t\t<\/div>\n\t\t\t\t\t<\/div>\n\t\t","protected":false},"excerpt":{"rendered":"<p>projects<\/p>\n","protected":false},"author":1,"featured_media":0,"parent":0,"menu_order":0,"comment_status":"closed","ping_status":"closed","template":"templates\/page-builder-content.php","meta":{"_coblocks_attr":"","_coblocks_dimensions":"","_coblocks_responsive_height":"","_coblocks_accordion_ie_support":""},"yoast_head":"<!-- This site is optimized with the Yoast SEO plugin v19.1 - https:\/\/yoast.com\/wordpress\/plugins\/seo\/ -->\n<title>project - Digikedi<\/title>\n<meta name=\"robots\" content=\"index, follow, max-snippet:-1, max-image-preview:large, max-video-preview:-1\" \/>\n<link rel=\"canonical\" href=\"https:\/\/www.digikedi.com\/en\/portfolio\/\" \/>\n<meta property=\"og:locale\" content=\"en_US\" \/>\n<meta property=\"og:type\" content=\"article\" \/>\n<meta property=\"og:title\" content=\"project - Digikedi\" \/>\n<meta property=\"og:description\" content=\"projects\" \/>\n<meta property=\"og:url\" content=\"https:\/\/www.digikedi.com\/en\/portfolio\/\" \/>\n<meta property=\"og:site_name\" content=\"Digikedi\" \/>\n<meta property=\"article:modified_time\" content=\"2022-06-16T14:29:19+00:00\" \/>\n<meta property=\"og:image\" content=\"https:\/\/demo.phlox.pro\/creative-studio\/wp-content\/uploads\/sites\/114\/2019\/07\/freestocks-org-hRVrvH9-dG0-unsplash-1-500x665.jpg\" \/>\n<meta name=\"twitter:card\" content=\"summary_large_image\" \/>\n<script type=\"application\/ld+json\" class=\"yoast-schema-graph\">{\"@context\":\"https:\/\/schema.org\",\"@graph\":[{\"@type\":\"WebSite\",\"@id\":\"https:\/\/www.digikedi.com\/#website\",\"url\":\"https:\/\/www.digikedi.com\/\",\"name\":\"Digikedi\",\"description\":\"Dijital Fikir ve Tasar\u0131m &Uuml;retim Fabrikas\u0131\",\"potentialAction\":[{\"@type\":\"SearchAction\",\"target\":{\"@type\":\"EntryPoint\",\"urlTemplate\":\"https:\/\/www.digikedi.com\/?s={search_term_string}\"},\"query-input\":\"required name=search_term_string\"}],\"inLanguage\":\"en-US\"},{\"@type\":\"ImageObject\",\"inLanguage\":\"en-US\",\"@id\":\"https:\/\/www.digikedi.com\/en\/portfolio\/#primaryimage\",\"url\":\"https:\/\/demo.phlox.pro\/creative-studio\/wp-content\/uploads\/sites\/114\/2019\/07\/freestocks-org-hRVrvH9-dG0-unsplash-1-500x665.jpg\",\"contentUrl\":\"https:\/\/demo.phlox.pro\/creative-studio\/wp-content\/uploads\/sites\/114\/2019\/07\/freestocks-org-hRVrvH9-dG0-unsplash-1-500x665.jpg\"},{\"@type\":\"WebPage\",\"@id\":\"https:\/\/www.digikedi.com\/en\/portfolio\/#webpage\",\"url\":\"https:\/\/www.digikedi.com\/en\/portfolio\/\",\"name\":\"project - Digikedi\",\"isPartOf\":{\"@id\":\"https:\/\/www.digikedi.com\/#website\"},\"primaryImageOfPage\":{\"@id\":\"https:\/\/www.digikedi.com\/en\/portfolio\/#primaryimage\"},\"datePublished\":\"2019-07-15T13:46:19+00:00\",\"dateModified\":\"2022-06-16T14:29:19+00:00\",\"breadcrumb\":{\"@id\":\"https:\/\/www.digikedi.com\/en\/portfolio\/#breadcrumb\"},\"inLanguage\":\"en-US\",\"potentialAction\":[{\"@type\":\"ReadAction\",\"target\":[\"https:\/\/www.digikedi.com\/en\/portfolio\/\"]}]},{\"@type\":\"BreadcrumbList\",\"@id\":\"https:\/\/www.digikedi.com\/en\/portfolio\/#breadcrumb\",\"itemListElement\":[{\"@type\":\"ListItem\",\"position\":1,\"name\":\"Home\",\"item\":\"https:\/\/www.digikedi.com\/en\/\"},{\"@type\":\"ListItem\",\"position\":2,\"name\":\"project\"}]}]}<\/script>\n<!-- \/ Yoast SEO plugin. -->","yoast_head_json":{"title":"project - Digikedi","robots":{"index":"index","follow":"follow","max-snippet":"max-snippet:-1","max-image-preview":"max-image-preview:large","max-video-preview":"max-video-preview:-1"},"canonical":"https:\/\/www.digikedi.com\/en\/portfolio\/","og_locale":"en_US","og_type":"article","og_title":"project - Digikedi","og_description":"projects","og_url":"https:\/\/www.digikedi.com\/en\/portfolio\/","og_site_name":"Digikedi","article_modified_time":"2022-06-16T14:29:19+00:00","og_image":[{"url":"https:\/\/demo.phlox.pro\/creative-studio\/wp-content\/uploads\/sites\/114\/2019\/07\/freestocks-org-hRVrvH9-dG0-unsplash-1-500x665.jpg"}],"twitter_card":"summary_large_image","schema":{"@context":"https:\/\/schema.org","@graph":[{"@type":"WebSite","@id":"https:\/\/www.digikedi.com\/#website","url":"https:\/\/www.digikedi.com\/","name":"Digikedi","description":"Dijital Fikir ve Tasar\u0131m &Uuml;retim Fabrikas\u0131","potentialAction":[{"@type":"SearchAction","target":{"@type":"EntryPoint","urlTemplate":"https:\/\/www.digikedi.com\/?s={search_term_string}"},"query-input":"required name=search_term_string"}],"inLanguage":"en-US"},{"@type":"ImageObject","inLanguage":"en-US","@id":"https:\/\/www.digikedi.com\/en\/portfolio\/#primaryimage","url":"https:\/\/demo.phlox.pro\/creative-studio\/wp-content\/uploads\/sites\/114\/2019\/07\/freestocks-org-hRVrvH9-dG0-unsplash-1-500x665.jpg","contentUrl":"https:\/\/demo.phlox.pro\/creative-studio\/wp-content\/uploads\/sites\/114\/2019\/07\/freestocks-org-hRVrvH9-dG0-unsplash-1-500x665.jpg"},{"@type":"WebPage","@id":"https:\/\/www.digikedi.com\/en\/portfolio\/#webpage","url":"https:\/\/www.digikedi.com\/en\/portfolio\/","name":"project - Digikedi","isPartOf":{"@id":"https:\/\/www.digikedi.com\/#website"},"primaryImageOfPage":{"@id":"https:\/\/www.digikedi.com\/en\/portfolio\/#primaryimage"},"datePublished":"2019-07-15T13:46:19+00:00","dateModified":"2022-06-16T14:29:19+00:00","breadcrumb":{"@id":"https:\/\/www.digikedi.com\/en\/portfolio\/#breadcrumb"},"inLanguage":"en-US","potentialAction":[{"@type":"ReadAction","target":["https:\/\/www.digikedi.com\/en\/portfolio\/"]}]},{"@type":"BreadcrumbList","@id":"https:\/\/www.digikedi.com\/en\/portfolio\/#breadcrumb","itemListElement":[{"@type":"ListItem","position":1,"name":"Home","item":"https:\/\/www.digikedi.com\/en\/"},{"@type":"ListItem","position":2,"name":"project"}]}]}},"_links":{"self":[{"href":"https:\/\/www.digikedi.com\/en\/wp-json\/wp\/v2\/pages\/1405"}],"collection":[{"href":"https:\/\/www.digikedi.com\/en\/wp-json\/wp\/v2\/pages"}],"about":[{"href":"https:\/\/www.digikedi.com\/en\/wp-json\/wp\/v2\/types\/page"}],"author":[{"embeddable":true,"href":"https:\/\/www.digikedi.com\/en\/wp-json\/wp\/v2\/users\/1"}],"replies":[{"embeddable":true,"href":"https:\/\/www.digikedi.com\/en\/wp-json\/wp\/v2\/comments?post=1405"}],"version-history":[{"count":1,"href":"https:\/\/www.digikedi.com\/en\/wp-json\/wp\/v2\/pages\/1405\/revisions"}],"predecessor-version":[{"id":1407,"href":"https:\/\/www.digikedi.com\/en\/wp-json\/wp\/v2\/pages\/1405\/revisions\/1407"}],"wp:attachment":[{"href":"https:\/\/www.digikedi.com\/en\/wp-json\/wp\/v2\/media?parent=1405"}],"curies":[{"name":"wp","href":"https:\/\/api.w.org\/{rel}","templated":true}]}}