{"id":1455,"date":"2022-01-05T11:51:53","date_gmt":"2022-01-05T14:51:53","guid":{"rendered":"https:\/\/www.digikedi.com\/kullanim-kosullari\/"},"modified":"2022-06-16T12:31:06","modified_gmt":"2022-06-16T15:31:06","slug":"kullanim-kosullari","status":"publish","type":"page","link":"https:\/\/www.digikedi.com\/de\/kullanim-kosullari\/","title":{"rendered":"Kullan\u0131m Ko\u015fullar\u0131"},"content":{"rendered":"\t\t<div data-elementor-type=\"wp-page\" data-elementor-id=\"1455\" class=\"elementor elementor-1455 elementor-933\">\n\t\t\t\t\t\t<div class=\"elementor-inner\">\n\t\t\t\t<div class=\"elementor-section-wrap\">\n\t\t\t\t\t\t\t\t\t<section class=\"elementor-section elementor-top-section elementor-element elementor-element-6c1b1c0 elementor-section-boxed elementor-section-height-default elementor-section-height-default\" data-id=\"6c1b1c0\" data-element_type=\"section\">\n\t\t\t\t\t\t<div class=\"elementor-container elementor-column-gap-default\">\n\t\t\t\t\t\t\t<div class=\"elementor-row\">\n\t\t\t\t\t<div class=\"aux-parallax-section elementor-column elementor-col-100 elementor-top-column elementor-element elementor-element-d4cee12\" data-id=\"d4cee12\" data-element_type=\"column\">\n\t\t\t<div class=\"elementor-column-wrap elementor-element-populated\">\n\t\t\t\t\t\t\t<div class=\"elementor-widget-wrap\">\n\t\t\t\t\t\t<div class=\"elementor-element elementor-element-0cb8f16 elementor-widget elementor-widget-html\" data-id=\"0cb8f16\" data-element_type=\"widget\" data-widget_type=\"html.default\">\n\t\t\t\t<div class=\"elementor-widget-container\">\n\t\t\t<h1>Kullan\u0131m Ko\u015fullar\u0131<\/h1>\n<p>Son g\u00fcncellenme: 10\/01\/2022<\/p>\n<p>\nSevgili ziyaret\u00e7imiz, l\u00fctfen www.digikedi.com web sitemizi ziyaret etmeden \u00f6nce i\u015fbu\nkullan\u0131m ko\u015fullar\u0131 s\u00f6zle\u015fmesini dikkatlice okuyunuz. Siteye eri\u015fiminiz\ntamamen bu s\u00f6zle\u015fmeyi kabul\u00fcn\u00fcze ve bu s\u00f6zle\u015fme ile belirlenen\n\u015fartlara uyman\u0131za ba\u011fl\u0131d\u0131r. \u015eayet bu s\u00f6zle\u015fmede yazan herhangi\nbir ko\u015fulu kabul etmiyorsan\u0131z, l\u00fctfen siteye eri\u015fiminizi sonland\u0131r\u0131n\u0131z.\nSiteye eri\u015fiminizi s\u00fcrd\u00fcrd\u00fc\u011f\u00fcn\u00fcz takdirde, ko\u015fulsuz ve k\u0131s\u0131tlamas\u0131z olarak,\ni\u015fbu s\u00f6zle\u015fme metninin tamam\u0131n\u0131 kabul etti\u011finizin, taraf\u0131m\u0131zca varsay\u0131laca\u011f\u0131n\u0131\nl\u00fctfen unutmay\u0131n\u0131z.\n<\/p>\n<p>\nwww.digikedi.com web sitesi Digikedi Dijital Reklam Tas. ve Vid. Prod. Hiz. Ltd. \u015eti. taraf\u0131ndan y\u00f6netilmekte olup, bundan sonra S\u0130TE olarak an\u0131lacakt\u0131r.\n\u0130\u015fbu siteye ili\u015fkin Kullan\u0131m Ko\u015fullar\u0131, yay\u0131nlanmakla y\u00fcr\u00fcrl\u00fc\u011fe girer.\nDe\u011fi\u015fiklik yapma hakk\u0131, tek tarafl\u0131 olarak S\u0130TE'ye aittir ve\nS\u0130TE \u00fczerinden g\u00fcncel olarak payla\u015f\u0131lacak olan bu de\u011fi\u015fiklikleri,\nt\u00fcm kullan\u0131c\u0131lar\u0131m\u0131z ba\u015ftan kabul etmi\u015f say\u0131l\u0131r.\n<\/p>\n<h2>Gizlilik<\/h2>\n<p>\nGizlilik, ayr\u0131 bir sayfada, ki\u015fisel verilerinizin taraf\u0131m\u0131zca\ni\u015flenmesinin esaslar\u0131n\u0131 d\u00fczenlemek \u00fczere mevcuttur. S\u0130TE'yi kulland\u0131\u011f\u0131n\u0131z takdirde,\nbu verilerin i\u015flenmesinin gizlilik politikas\u0131na uygun olarak ger\u00e7ekle\u015fti\u011fini\nkabul edersiniz.\n<\/p>\n<h2>Hizmet Kapsam\u0131<\/h2>\n<p>\nDigikedi Dijital Reklam Tas. ve Vid. Prod. Hiz. Ltd. \u015eti. olarak, sunaca\u011f\u0131m\u0131z hizmetlerin kapsam\u0131n\u0131 ve niteli\u011fini, yasalar\n\u00e7er\u00e7evesinde belirlemekte tamamen serbest olup; hizmetlere ili\u015fkin yapaca\u011f\u0131m\u0131z\nde\u011fi\u015fiklikler, S\u0130TE'de yay\u0131nlanmakla y\u00fcr\u00fcrl\u00fc\u011fe girmi\u015f say\u0131lacakt\u0131r.\n<\/p>\n<h2>Telif Haklar\u0131<\/h2>\n<p>\nS\u0130TE'de yay\u0131nlanan t\u00fcm metin, kod, grafikler,\nlogolar, resimler, ses dosyalar\u0131 ve kullan\u0131lan yaz\u0131l\u0131m\u0131n sahibi\n(bundan b\u00f6yle ve daha sonra \"i\u00e7erik\" olarak an\u0131lacakt\u0131r) Digikedi Dijital Reklam Tas. ve Vid. Prod. Hiz. Ltd. \u015eti. olup,\nt\u00fcm haklar\u0131 sakl\u0131d\u0131r. Yaz\u0131l\u0131 izin olmaks\u0131z\u0131n site i\u00e7eri\u011finin \u00e7o\u011falt\u0131lmas\u0131 veya kopyalanmas\u0131\nkesinlikle yasakt\u0131r.\n<\/p>\n<h2>Genel H\u00fck\u00fcmler<\/h2>\n<ul>\n<li>\nKullan\u0131c\u0131lar\u0131n tamam\u0131, S\u0130TE'yi yaln\u0131zca hukuka uygun ve \u015fahsi\nama\u00e7larla kullanacaklar\u0131n\u0131 ve \u00fc\u00e7\u00fcnc\u00fc ki\u015finin haklar\u0131na tecav\u00fcz\nte\u015fkil edecek nitelikteki herhangi bir faaliyette bulunmayaca\u011f\u0131n\u0131\ntaahh\u00fct eder. S\u0130TE d\u00e2hilinde yapt\u0131klar\u0131 i\u015flem ve eylemlerindeki,\nhukuki ve cezai sorumluluklar\u0131 kendilerine aittir. \u0130\u015fbu i\u015f ve\neylemler sebebiyle, \u00fc\u00e7\u00fcnc\u00fc ki\u015filerin u\u011frad\u0131klar\u0131 veya u\u011frayabilecekleri\nzararlardan dolay\u0131 S\u0130TE'nin do\u011frudan ve\/veya dolayl\u0131 hi\u00e7bir sorumlulu\u011fu yoktur.\n<\/li>\n<li>\nS\u0130TE'de mevcut bilgilerin do\u011fruluk ve g\u00fcncelli\u011fini sa\u011flamak i\u00e7in\nelimizden geleni yapmaktay\u0131z. Lakin g\u00f6sterdi\u011fimiz \u00e7abaya ra\u011fmen,\nbu bilgiler, fiili de\u011fi\u015fikliklerin gerisinde kalabilir, birtak\u0131m\nfarkl\u0131l\u0131klar olabilir. Bu sebeple, site i\u00e7erisinde yer alan bilgilerin\ndo\u011frulu\u011fu ve g\u00fcncelli\u011fi ile ilgili taraf\u0131m\u0131zca, a\u00e7\u0131k veya z\u0131mni, herhangi\nbir garanti verilmemekte, hi\u00e7bir taahh\u00fctte bulunulmamaktad\u0131r.\n<\/li>\n<li>\nS\u0130TE'de \u00fc\u00e7\u00fcnc\u00fc \u015fah\u0131slar taraf\u0131ndan i\u015fletilen ve i\u00e7erikleri taraf\u0131m\u0131zca\nbilinmeyen di\u011fer web sitelerine, uygulamalara ve platformlara k\u00f6pr\u00fcler\n(hyperlink) bulunabilir. S\u0130TE, i\u015flevsellik yaln\u0131zca bu sitelere ula\u015f\u0131m\u0131\nsa\u011flamakta olup, i\u00e7erikleri ile ilgili hi\u00e7bir sorumluluk kabul etmemekteyiz.\n<\/li>\n<li>\nS\u0130TE'yi vir\u00fcslerden temizlenmi\u015f tutmak konusunda elimizden geleni\nyapsak da, vir\u00fcslerin tamamen bulunmad\u0131\u011f\u0131 garantisini vermemekteyiz.\nBu nedenle veri indirirken, vir\u00fcslere kar\u015f\u0131 gerekli \u00f6nlemi almak, kullan\u0131c\u0131lar\u0131n\nsorumlulu\u011fundad\u0131r. Vir\u00fcs vb. k\u00f6t\u00fc ama\u00e7l\u0131 programlar, kodlar veya materyallerin\nsebep olabilece\u011fi zararlardan dolay\u0131 sorumluluk kabul etmemekteyiz.\n<\/li>\n<li>\nS\u0130TE'de sunulan hizmetlerde, kusur veya hata olmayaca\u011f\u0131na ya da\nkesintisiz hizmet verilece\u011fine dair garanti vermemekteyiz. S\u0130TE'ye ve\nsitenin hizmetlerine veya herhangi bir b\u00f6l\u00fcm\u00fcne olan eri\u015fiminizi \u00f6nceden\nbildirmeksizin herhangi bir zamanda sonland\u0131rabiliriz.\n<\/li>\n<\/ul>\n<h2>Sorumlulu\u011fun S\u0131n\u0131rland\u0131r\u0131lmas\u0131<\/h2>\n<p>\nS\u0130TE'nin kullan\u0131m\u0131ndan do\u011fan zararlara ili\u015fkin sorumlulu\u011fumuz, kast ve a\u011f\u0131r ihmal ile s\u0131n\u0131rl\u0131d\u0131r.\nS\u00f6zle\u015fmenin ihlalinden do\u011fan zararlarda, talep edilebilecek toplam tazminat,\n\u00f6ng\u00f6r\u00fclebilir hasarlar ile s\u0131n\u0131rl\u0131d\u0131r. Yukar\u0131da bahsedilen sorumluluk s\u0131n\u0131rlamalar\u0131\nayn\u0131 zamanda insan hayat\u0131na, bedeni yaralanmaya veya bir ki\u015finin sa\u011fl\u0131\u011f\u0131na gelebilecek\nzararlar durumunda ge\u00e7erli de\u011fildir. Hukuken m\u00fccbir sebep say\u0131lan t\u00fcm durumlarda,\ngecikme, ifa etmeme veya temerr\u00fctten dolay\u0131, herhangi bir tazminat y\u00fck\u00fcml\u00fcl\u00fc\u011f\u00fcm\u00fcz\ndo\u011fmayacakt\u0131r.\n<\/p>\n<p>\nUyu\u015fmazl\u0131k \u00c7\u00f6z\u00fcm\u00fc: \u0130\u015fbu S\u00f6zle\u015fme'nin uygulanmas\u0131ndan veya yorumlanmas\u0131ndan\ndo\u011facak her t\u00fcrl\u00fc uyu\u015fmazl\u0131\u011f\u0131n \u00e7\u00f6z\u00fcm\u00fcnde, T\u00fcrkiye Cumhuriyeti yasalar\u0131 uygulan\u0131r;\n\u0130zmir Adliyesi Mahkemeleri ve \u0130cra Daireleri yetkilidir.\n<\/p>\n<p>Bu kullan\u0131m ko\u015fullar\u0131, <a href=\"https:\/\/sartlar.com\">https:\/\/sartlar.com<\/a> arac\u0131l\u0131\u011f\u0131yla olu\u015fturulmu\u015ftur.<\/p>\n\t\t<\/div>\n\t\t\t\t<\/div>\n\t\t\t\t\t\t<\/div>\n\t\t\t\t\t<\/div>\n\t\t<\/div>\n\t\t\t\t\t\t\t\t<\/div>\n\t\t\t\t\t<\/div>\n\t\t<\/section>\n\t\t\t\t\t\t\t\t\t<\/div>\n\t\t\t<\/div>\n\t\t\t\t\t<\/div>\n\t\t","protected":false},"excerpt":{"rendered":"<p>Kullan\u0131m Ko\u015fullar\u0131 Son g\u00fcncellenme: 10\/01\/2022 Sevgili ziyaret\u00e7imiz, l\u00fctfen www.digikedi.com web sitemizi ziyaret etmeden \u00f6nce i\u015fbu kullan\u0131m ko\u015fullar\u0131 s\u00f6zle\u015fmesini dikkatlice okuyunuz. Siteye eri\u015fiminiz tamamen bu s\u00f6zle\u015fmeyi kabul\u00fcn\u00fcze ve bu s\u00f6zle\u015fme ile belirlenen \u015fartlara uyman\u0131za ba\u011fl\u0131d\u0131r. \u015eayet bu s\u00f6zle\u015fmede yazan herhangi bir ko\u015fulu kabul etmiyorsan\u0131z, l\u00fctfen siteye eri\u015fiminizi sonland\u0131r\u0131n\u0131z. Siteye eri\u015fiminizi s\u00fcrd\u00fcrd\u00fc\u011f\u00fcn\u00fcz takdirde, ko\u015fulsuz ve k\u0131s\u0131tlamas\u0131z olarak, [&hellip;]<\/p>\n","protected":false},"author":1,"featured_media":0,"parent":0,"menu_order":0,"comment_status":"closed","ping_status":"closed","template":"","meta":{"_coblocks_attr":"","_coblocks_dimensions":"","_coblocks_responsive_height":"","_coblocks_accordion_ie_support":""},"yoast_head":"<!-- This site is optimized with the Yoast SEO plugin v19.1 - https:\/\/yoast.com\/wordpress\/plugins\/seo\/ -->\n<title>Kullan\u0131m Ko\u015fullar\u0131 - Digikedi<\/title>\n<meta name=\"robots\" content=\"index, follow, max-snippet:-1, max-image-preview:large, max-video-preview:-1\" \/>\n<link rel=\"canonical\" href=\"https:\/\/www.digikedi.com\/de\/kullanim-kosullari\/\" \/>\n<meta property=\"og:locale\" content=\"de_DE\" \/>\n<meta property=\"og:type\" content=\"article\" \/>\n<meta property=\"og:title\" content=\"Kullan\u0131m Ko\u015fullar\u0131 - Digikedi\" \/>\n<meta property=\"og:description\" content=\"Kullan\u0131m Ko\u015fullar\u0131 Son g\u00fcncellenme: 10\/01\/2022 Sevgili ziyaret\u00e7imiz, l\u00fctfen www.digikedi.com web sitemizi ziyaret etmeden \u00f6nce i\u015fbu kullan\u0131m ko\u015fullar\u0131 s\u00f6zle\u015fmesini dikkatlice okuyunuz. Siteye eri\u015fiminiz tamamen bu s\u00f6zle\u015fmeyi kabul\u00fcn\u00fcze ve bu s\u00f6zle\u015fme ile belirlenen \u015fartlara uyman\u0131za ba\u011fl\u0131d\u0131r. \u015eayet bu s\u00f6zle\u015fmede yazan herhangi bir ko\u015fulu kabul etmiyorsan\u0131z, l\u00fctfen siteye eri\u015fiminizi sonland\u0131r\u0131n\u0131z. Siteye eri\u015fiminizi s\u00fcrd\u00fcrd\u00fc\u011f\u00fcn\u00fcz takdirde, ko\u015fulsuz ve k\u0131s\u0131tlamas\u0131z olarak, [&hellip;]\" \/>\n<meta property=\"og:url\" content=\"https:\/\/www.digikedi.com\/de\/kullanim-kosullari\/\" \/>\n<meta property=\"og:site_name\" content=\"Digikedi\" \/>\n<meta property=\"article:modified_time\" content=\"2022-06-16T15:31:06+00:00\" \/>\n<meta name=\"twitter:card\" content=\"summary_large_image\" \/>\n<meta name=\"twitter:label1\" content=\"Gesch\u00e4tzte Lesezeit\" \/>\n\t<meta name=\"twitter:data1\" content=\"4 Minuten\" \/>\n<script type=\"application\/ld+json\" class=\"yoast-schema-graph\">{\"@context\":\"https:\/\/schema.org\",\"@graph\":[{\"@type\":\"WebSite\",\"@id\":\"https:\/\/www.digikedi.com\/#website\",\"url\":\"https:\/\/www.digikedi.com\/\",\"name\":\"Digikedi\",\"description\":\"Dijital Fikir ve Tasar\u0131m &Uuml;retim Fabrikas\u0131\",\"potentialAction\":[{\"@type\":\"SearchAction\",\"target\":{\"@type\":\"EntryPoint\",\"urlTemplate\":\"https:\/\/www.digikedi.com\/?s={search_term_string}\"},\"query-input\":\"required name=search_term_string\"}],\"inLanguage\":\"de-DE\"},{\"@type\":\"WebPage\",\"@id\":\"https:\/\/www.digikedi.com\/de\/kullanim-kosullari\/#webpage\",\"url\":\"https:\/\/www.digikedi.com\/de\/kullanim-kosullari\/\",\"name\":\"Kullan\u0131m Ko\u015fullar\u0131 - Digikedi\",\"isPartOf\":{\"@id\":\"https:\/\/www.digikedi.com\/#website\"},\"datePublished\":\"2022-01-05T14:51:53+00:00\",\"dateModified\":\"2022-06-16T15:31:06+00:00\",\"breadcrumb\":{\"@id\":\"https:\/\/www.digikedi.com\/de\/kullanim-kosullari\/#breadcrumb\"},\"inLanguage\":\"de-DE\",\"potentialAction\":[{\"@type\":\"ReadAction\",\"target\":[\"https:\/\/www.digikedi.com\/de\/kullanim-kosullari\/\"]}]},{\"@type\":\"BreadcrumbList\",\"@id\":\"https:\/\/www.digikedi.com\/de\/kullanim-kosullari\/#breadcrumb\",\"itemListElement\":[{\"@type\":\"ListItem\",\"position\":1,\"name\":\"Home\",\"item\":\"https:\/\/www.digikedi.com\/de\/\"},{\"@type\":\"ListItem\",\"position\":2,\"name\":\"Kullan\u0131m Ko\u015fullar\u0131\"}]}]}<\/script>\n<!-- \/ Yoast SEO plugin. -->","yoast_head_json":{"title":"Kullan\u0131m Ko\u015fullar\u0131 - Digikedi","robots":{"index":"index","follow":"follow","max-snippet":"max-snippet:-1","max-image-preview":"max-image-preview:large","max-video-preview":"max-video-preview:-1"},"canonical":"https:\/\/www.digikedi.com\/de\/kullanim-kosullari\/","og_locale":"de_DE","og_type":"article","og_title":"Kullan\u0131m Ko\u015fullar\u0131 - Digikedi","og_description":"Kullan\u0131m Ko\u015fullar\u0131 Son g\u00fcncellenme: 10\/01\/2022 Sevgili ziyaret\u00e7imiz, l\u00fctfen www.digikedi.com web sitemizi ziyaret etmeden \u00f6nce i\u015fbu kullan\u0131m ko\u015fullar\u0131 s\u00f6zle\u015fmesini dikkatlice okuyunuz. Siteye eri\u015fiminiz tamamen bu s\u00f6zle\u015fmeyi kabul\u00fcn\u00fcze ve bu s\u00f6zle\u015fme ile belirlenen \u015fartlara uyman\u0131za ba\u011fl\u0131d\u0131r. \u015eayet bu s\u00f6zle\u015fmede yazan herhangi bir ko\u015fulu kabul etmiyorsan\u0131z, l\u00fctfen siteye eri\u015fiminizi sonland\u0131r\u0131n\u0131z. Siteye eri\u015fiminizi s\u00fcrd\u00fcrd\u00fc\u011f\u00fcn\u00fcz takdirde, ko\u015fulsuz ve k\u0131s\u0131tlamas\u0131z olarak, [&hellip;]","og_url":"https:\/\/www.digikedi.com\/de\/kullanim-kosullari\/","og_site_name":"Digikedi","article_modified_time":"2022-06-16T15:31:06+00:00","twitter_card":"summary_large_image","twitter_misc":{"Gesch\u00e4tzte Lesezeit":"4 Minuten"},"schema":{"@context":"https:\/\/schema.org","@graph":[{"@type":"WebSite","@id":"https:\/\/www.digikedi.com\/#website","url":"https:\/\/www.digikedi.com\/","name":"Digikedi","description":"Dijital Fikir ve Tasar\u0131m &Uuml;retim Fabrikas\u0131","potentialAction":[{"@type":"SearchAction","target":{"@type":"EntryPoint","urlTemplate":"https:\/\/www.digikedi.com\/?s={search_term_string}"},"query-input":"required name=search_term_string"}],"inLanguage":"de-DE"},{"@type":"WebPage","@id":"https:\/\/www.digikedi.com\/de\/kullanim-kosullari\/#webpage","url":"https:\/\/www.digikedi.com\/de\/kullanim-kosullari\/","name":"Kullan\u0131m Ko\u015fullar\u0131 - Digikedi","isPartOf":{"@id":"https:\/\/www.digikedi.com\/#website"},"datePublished":"2022-01-05T14:51:53+00:00","dateModified":"2022-06-16T15:31:06+00:00","breadcrumb":{"@id":"https:\/\/www.digikedi.com\/de\/kullanim-kosullari\/#breadcrumb"},"inLanguage":"de-DE","potentialAction":[{"@type":"ReadAction","target":["https:\/\/www.digikedi.com\/de\/kullanim-kosullari\/"]}]},{"@type":"BreadcrumbList","@id":"https:\/\/www.digikedi.com\/de\/kullanim-kosullari\/#breadcrumb","itemListElement":[{"@type":"ListItem","position":1,"name":"Home","item":"https:\/\/www.digikedi.com\/de\/"},{"@type":"ListItem","position":2,"name":"Kullan\u0131m Ko\u015fullar\u0131"}]}]}},"_links":{"self":[{"href":"https:\/\/www.digikedi.com\/de\/wp-json\/wp\/v2\/pages\/1455"}],"collection":[{"href":"https:\/\/www.digikedi.com\/de\/wp-json\/wp\/v2\/pages"}],"about":[{"href":"https:\/\/www.digikedi.com\/de\/wp-json\/wp\/v2\/types\/page"}],"author":[{"embeddable":true,"href":"https:\/\/www.digikedi.com\/de\/wp-json\/wp\/v2\/users\/1"}],"replies":[{"embeddable":true,"href":"https:\/\/www.digikedi.com\/de\/wp-json\/wp\/v2\/comments?post=1455"}],"version-history":[{"count":1,"href":"https:\/\/www.digikedi.com\/de\/wp-json\/wp\/v2\/pages\/1455\/revisions"}],"predecessor-version":[{"id":1456,"href":"https:\/\/www.digikedi.com\/de\/wp-json\/wp\/v2\/pages\/1455\/revisions\/1456"}],"wp:attachment":[{"href":"https:\/\/www.digikedi.com\/de\/wp-json\/wp\/v2\/media?parent=1455"}],"curies":[{"name":"wp","href":"https:\/\/api.w.org\/{rel}","templated":true}]}}